{"id":337,"date":"2021-06-01T13:56:16","date_gmt":"2021-06-01T13:56:16","guid":{"rendered":"https:\/\/sofraco.al\/?post_type=product&#038;p=337"},"modified":"2021-09-21T14:56:35","modified_gmt":"2021-09-21T14:56:35","slug":"kremvice-pule","status":"publish","type":"product","link":"https:\/\/sofraco.al\/en\/product\/kremvice-pule\/","title":{"rendered":"Chicken Smoked Sausages"},"content":{"rendered":"<p>Mish pule 70%, mish pule i ndar\u00eb mekanikisht 10%, dhjam pule 10%, proteina shtazore 5%, niseshte patate 5%, krip\u00eb, uj\u00eb, er\u00ebza. Stabilizues E450, Polifosfat, Antioksidant: E301, Eritrobat natriumi, Konservues E250. Produkt i paketuar n\u00eb aj\u00ebr t\u00eb mbrojtur. Ruhet n\u00eb temperature 1-4 grad\u00eb C.<\/p>\n<ul>\n<li>GLUTEN FREE<\/li>\n<li>Net Weight 400g<\/li>\n<li>Pas hapjes t\u00eb ruhet n\u00eb frigorifer dhe t\u00eb konsumohet brenda 6 dit\u00ebve.<\/li>\n<\/ul>","protected":false},"excerpt":{"rendered":"<p>F\u00ebmij\u00ebt nuk u rezistojn\u00eb dot, e jo m\u00eb pak i preferojn\u00eb edhe t\u00eb rriturit. Kremv\u00e7et e pul\u00ebs nga Sofra p\u00ebrb\u00ebhen nga mishi cil\u00ebsor i pul\u00ebs, 100% i fresk\u00ebt, e jan\u00eb ideale p\u00ebr t&#8217;u shoq\u00ebruar me ketchup apo mustard.<\/p>","protected":false},"featured_media":740,"template":"","meta":[],"product_brand":[],"product_cat":[24],"product_tag":[],"class_list":{"0":"post-337","1":"product","2":"type-product","3":"status-publish","4":"has-post-thumbnail","6":"product_cat-kremvice","8":"first","9":"instock","10":"shipping-taxable","11":"product-type-simple"},"_links":{"self":[{"href":"https:\/\/sofraco.al\/en\/wp-json\/wp\/v2\/product\/337","targetHints":{"allow":["GET"]}}],"collection":[{"href":"https:\/\/sofraco.al\/en\/wp-json\/wp\/v2\/product"}],"about":[{"href":"https:\/\/sofraco.al\/en\/wp-json\/wp\/v2\/types\/product"}],"version-history":[{"count":2,"href":"https:\/\/sofraco.al\/en\/wp-json\/wp\/v2\/product\/337\/revisions"}],"predecessor-version":[{"id":741,"href":"https:\/\/sofraco.al\/en\/wp-json\/wp\/v2\/product\/337\/revisions\/741"}],"wp:featuredmedia":[{"embeddable":true,"href":"https:\/\/sofraco.al\/en\/wp-json\/wp\/v2\/media\/740"}],"wp:attachment":[{"href":"https:\/\/sofraco.al\/en\/wp-json\/wp\/v2\/media?parent=337"}],"wp:term":[{"taxonomy":"product_brand","embeddable":true,"href":"https:\/\/sofraco.al\/en\/wp-json\/wp\/v2\/product_brand?post=337"},{"taxonomy":"product_cat","embeddable":true,"href":"https:\/\/sofraco.al\/en\/wp-json\/wp\/v2\/product_cat?post=337"},{"taxonomy":"product_tag","embeddable":true,"href":"https:\/\/sofraco.al\/en\/wp-json\/wp\/v2\/product_tag?post=337"}],"curies":[{"name":"wp","href":"https:\/\/api.w.org\/{rel}","templated":true}]}}